{"id":1264,"date":"2025-07-26T12:04:45","date_gmt":"2025-07-26T10:04:45","guid":{"rendered":"https:\/\/cn-scar.es\/wordpress\/?page_id=1264"},"modified":"2025-11-27T17:38:23","modified_gmt":"2025-11-27T16:38:23","slug":"recursos-graficos","status":"publish","type":"page","link":"https:\/\/cn-scar.es\/wordpress\/recursos-graficos\/","title":{"rendered":"Recursos gr\u00e1ficos"},"content":{"rendered":"\t\t<div data-elementor-type=\"wp-page\" data-elementor-id=\"1264\" class=\"elementor elementor-1264\">\n\t\t\t\t<div class=\"elementor-element elementor-element-73f26843 e-flex e-con-boxed e-con e-parent\" data-id=\"73f26843\" data-element_type=\"container\">\n\t\t\t\t\t<div class=\"e-con-inner\">\n\t\t<div class=\"elementor-element elementor-element-f49fc9e e-flex e-con-boxed e-con e-child\" data-id=\"f49fc9e\" data-element_type=\"container\">\n\t\t\t\t\t<div class=\"e-con-inner\">\n\t\t\t\t<div class=\"elementor-element elementor-element-eeec301 elementor-fixed elementor-hidden-mobile elementor-widget elementor-widget-image\" data-id=\"eeec301\" data-element_type=\"widget\" data-settings=\"{&quot;_position&quot;:&quot;fixed&quot;}\" data-widget_type=\"image.default\">\n\t\t\t\t<div class=\"elementor-widget-container\">\n\t\t\t\t\t\t\t\t\t\t\t\t\t\t\t<img decoding=\"async\" src=\"https:\/\/cn-scar.es\/wordpress\/wp-content\/uploads\/elementor\/thumbs\/Logo-azul-con-sombra-r7vba9tgf34bt9d9a5cag0y4tyacyc27rchhcwhjbc.png\" title=\"Logo azul con sombra\" alt=\"Logo azul con sombra\" loading=\"lazy\" \/>\t\t\t\t\t\t\t\t\t\t\t\t\t\t\t<\/div>\n\t\t\t\t<\/div>\n\t\t\t\t\t<\/div>\n\t\t\t\t<\/div>\n\t\t<div class=\"elementor-element elementor-element-1e10a66 ops-section e-con-full e-flex e-con e-child\" data-id=\"1e10a66\" data-element_type=\"container\" data-settings=\"{&quot;background_background&quot;:&quot;gradient&quot;,&quot;position&quot;:&quot;fixed&quot;,&quot;ekit_has_onepagescroll&quot;:&quot;section&quot;}\">\n\t\t\t\t<div class=\"elementor-element elementor-element-42182b3 elementor-widget__width-inherit elementor-fixed elementor-widget elementor-widget-ekit-nav-menu\" data-id=\"42182b3\" data-element_type=\"widget\" data-settings=\"{&quot;_position&quot;:&quot;fixed&quot;}\" data-widget_type=\"ekit-nav-menu.default\">\n\t\t\t\t<div class=\"elementor-widget-container\">\n\t\t\t\t\t\t\t<nav class=\"ekit-wid-con ekit_menu_responsive_tablet\" \n\t\t\tdata-hamburger-icon=\"\" \n\t\t\tdata-hamburger-icon-type=\"icon\" \n\t\t\tdata-responsive-breakpoint=\"1024\">\n\t\t\t            <button class=\"elementskit-menu-hamburger elementskit-menu-toggler\"  type=\"button\" aria-label=\"hamburger-icon\">\n                                    <span class=\"elementskit-menu-hamburger-icon\"><\/span><span class=\"elementskit-menu-hamburger-icon\"><\/span><span class=\"elementskit-menu-hamburger-icon\"><\/span>\n                            <\/button>\n            <div id=\"ekit-megamenu-menu-principal-nuevo\" class=\"elementskit-menu-container elementskit-menu-offcanvas-elements elementskit-navbar-nav-default ekit-nav-menu-one-page- ekit-nav-dropdown-hover\"><ul id=\"menu-menu-principal-nuevo\" class=\"elementskit-navbar-nav elementskit-menu-po-right submenu-click-on-icon\"><li id=\"menu-item-1882\" class=\"menu-item menu-item-type-post_type menu-item-object-page menu-item-home menu-item-1882 nav-item elementskit-mobile-builder-content\" data-vertical-menu=750px><a href=\"https:\/\/cn-scar.es\/wordpress\/\" class=\"ekit-menu-nav-link\">Home<\/a><\/li>\n<li id=\"menu-item-1358\" class=\"menu-item menu-item-type-post_type menu-item-object-page menu-item-has-children menu-item-1358 nav-item elementskit-dropdown-has relative_position elementskit-dropdown-menu-default_width elementskit-mobile-builder-content\" data-vertical-menu=750px><a href=\"https:\/\/cn-scar.es\/wordpress\/pagina-de-inicio-1\/\" class=\"ekit-menu-nav-link ekit-menu-dropdown-toggle\">Presentaci\u00f3n<i aria-hidden=\"true\" class=\"icon icon-down-arrow1 elementskit-submenu-indicator\"><\/i><\/a>\n<ul class=\"elementskit-dropdown elementskit-submenu-panel\">\n\t<li id=\"menu-item-417\" class=\"menu-item menu-item-type-post_type menu-item-object-page menu-item-417 nav-item elementskit-mobile-builder-content\" data-vertical-menu=750px><a href=\"https:\/\/cn-scar.es\/wordpress\/c\/\" class=\" dropdown-item\">Espa\u00f1a y el SCAR<\/a>\t<li id=\"menu-item-2172\" class=\"menu-item menu-item-type-custom menu-item-object-custom menu-item-2172 nav-item elementskit-mobile-builder-content\" data-vertical-menu=750px><a href=\"https:\/\/cn-scar.es\/wordpress\/c\/#funciones\" class=\" dropdown-item\">Funciones<\/a>\t<li id=\"menu-item-1057\" class=\"menu-item menu-item-type-custom menu-item-object-custom menu-item-1057 nav-item elementskit-mobile-builder-content\" data-vertical-menu=750px><a href=\"https:\/\/cn-scar.es\/wordpress\/c\/#composicion\" class=\" dropdown-item\">Composici\u00f3n<\/a>\t<li id=\"menu-item-2179\" class=\"menu-item menu-item-type-custom menu-item-object-custom menu-item-2179 nav-item elementskit-mobile-builder-content\" data-vertical-menu=750px><a href=\"https:\/\/cn-scar.es\/wordpress\/c\/#normas\" class=\" dropdown-item\">Normas de funcionamiento<\/a>\t<li id=\"menu-item-1058\" class=\"menu-item menu-item-type-custom menu-item-object-custom menu-item-1058 nav-item elementskit-mobile-builder-content\" data-vertical-menu=750px><a href=\"https:\/\/cn-scar.es\/wordpress\/c\/#conexiones\" class=\" dropdown-item\">Conexiones con otros \u00f3rganos<\/a><\/ul>\n<\/li>\n<li id=\"menu-item-569\" class=\"menu-item menu-item-type-post_type menu-item-object-page menu-item-has-children menu-item-569 nav-item elementskit-dropdown-has relative_position elementskit-dropdown-menu-default_width elementskit-mobile-builder-content\" data-vertical-menu=750px><a href=\"https:\/\/cn-scar.es\/wordpress\/elementor-567\/\" class=\"ekit-menu-nav-link ekit-menu-dropdown-toggle\">Investigaci\u00f3n<i aria-hidden=\"true\" class=\"icon icon-down-arrow1 elementskit-submenu-indicator\"><\/i><\/a>\n<ul class=\"elementskit-dropdown elementskit-submenu-panel\">\n\t<li id=\"menu-item-501\" class=\"menu-item menu-item-type-post_type menu-item-object-page menu-item-has-children menu-item-501 nav-item elementskit-dropdown-has relative_position elementskit-dropdown-menu-default_width elementskit-mobile-builder-content\" data-vertical-menu=750px><a href=\"https:\/\/cn-scar.es\/wordpress\/investigacion-espanola-en-la-antartida\/\" class=\" dropdown-item\">Investigaci\u00f3n espa\u00f1ola en la Ant\u00e1rtida<i aria-hidden=\"true\" class=\"icon icon-down-arrow1 elementskit-submenu-indicator\"><\/i><\/a>\n\t<ul class=\"elementskit-dropdown elementskit-submenu-panel\">\n\t\t<li id=\"menu-item-758\" class=\"menu-item menu-item-type-custom menu-item-object-custom menu-item-758 nav-item elementskit-mobile-builder-content\" data-vertical-menu=750px><a href=\"https:\/\/cn-scar.es\/wordpress\/investigacion-espanola-en-la-antartida\/#infraes\" class=\" dropdown-item\">Infraestucturas<\/a>\t\t<li id=\"menu-item-765\" class=\"menu-item menu-item-type-custom menu-item-object-custom menu-item-765 nav-item elementskit-mobile-builder-content\" data-vertical-menu=750px><a href=\"https:\/\/cn-scar.es\/wordpress\/investigacion-espanola-en-la-antartida\/#datos\" class=\" dropdown-item\">Datos<\/a>\t<\/ul>\n\t<li id=\"menu-item-777\" class=\"menu-item menu-item-type-post_type menu-item-object-page menu-item-777 nav-item elementskit-mobile-builder-content\" data-vertical-menu=750px><a href=\"https:\/\/cn-scar.es\/wordpress\/participacion-espanola-en-el-scar\/\" class=\" dropdown-item\">Participaci\u00f3n espa\u00f1ola en el SCAR<\/a>\t<li id=\"menu-item-794\" class=\"menu-item menu-item-type-custom menu-item-object-custom menu-item-794 nav-item elementskit-mobile-builder-content\" data-vertical-menu=750px><a href=\"https:\/\/cn-scar.es\/wordpress\/participacion-espanola-en-el-scar\/#investigaintern\" class=\" dropdown-item\">El SCAR Internacional<\/a>\t<li id=\"menu-item-796\" class=\"menu-item menu-item-type-custom menu-item-object-custom menu-item-796 nav-item elementskit-mobile-builder-content\" data-vertical-menu=750px><a href=\"https:\/\/cn-scar.es\/wordpress\/participacion-espanola-en-el-scar\/#estrategiacientifica\" class=\" dropdown-item\">Estrategia Cient\u00edfica del SCAR<\/a>\t<li id=\"menu-item-797\" class=\"menu-item menu-item-type-custom menu-item-object-custom menu-item-797 nav-item elementskit-mobile-builder-content\" data-vertical-menu=750px><a href=\"https:\/\/cn-scar.es\/wordpress\/participacion-espanola-en-el-scar\/#SCARtratado\" class=\" dropdown-item\">SCAR en el Sistema del Tratado Ant\u00e1rtico<\/a><\/ul>\n<\/li>\n<li id=\"menu-item-900\" class=\"menu-item menu-item-type-post_type menu-item-object-page menu-item-has-children menu-item-900 nav-item elementskit-dropdown-has relative_position elementskit-dropdown-menu-default_width elementskit-mobile-builder-content\" data-vertical-menu=750px><a href=\"https:\/\/cn-scar.es\/wordpress\/noticias\/\" class=\"ekit-menu-nav-link ekit-menu-dropdown-toggle\">Noticias<i aria-hidden=\"true\" class=\"icon icon-down-arrow1 elementskit-submenu-indicator\"><\/i><\/a>\n<ul class=\"elementskit-dropdown elementskit-submenu-panel\">\n\t<li id=\"menu-item-2599\" class=\"menu-item menu-item-type-post_type menu-item-object-page menu-item-2599 nav-item elementskit-mobile-builder-content\" data-vertical-menu=750px><a href=\"https:\/\/cn-scar.es\/wordpress\/noticias-actos-y-convocatorias-anteriores\/\" class=\" dropdown-item\">Noticias<\/a>\t<li id=\"menu-item-2612\" class=\"menu-item menu-item-type-post_type menu-item-object-page menu-item-2612 nav-item elementskit-mobile-builder-content\" data-vertical-menu=750px><a href=\"https:\/\/cn-scar.es\/wordpress\/scar_newsletters\/\" class=\" dropdown-item\">SCAR Newsletters<\/a>\t<li id=\"menu-item-2627\" class=\"menu-item menu-item-type-custom menu-item-object-custom menu-item-2627 nav-item elementskit-mobile-builder-content\" data-vertical-menu=750px><a href=\"https:\/\/cn-scar.es\/wordpress\/scar_newsletters\/#premiosybecas\" class=\" dropdown-item\">Premios y Becas<\/a>\t<li id=\"menu-item-2640\" class=\"menu-item menu-item-type-custom menu-item-object-custom menu-item-2640 nav-item elementskit-mobile-builder-content\" data-vertical-menu=750px><a href=\"https:\/\/cn-scar.es\/wordpress\/scar_newsletters\/#confysimp\" class=\" dropdown-item\">Conferencias y Simposios<\/a>\t<li id=\"menu-item-2327\" class=\"menu-item menu-item-type-custom menu-item-object-custom menu-item-2327 nav-item elementskit-mobile-builder-content\" data-vertical-menu=750px><a href=\"https:\/\/scar.org\/events\" class=\" dropdown-item\">SCAR Events<\/a><\/ul>\n<\/li>\n<li id=\"menu-item-906\" class=\"menu-item menu-item-type-post_type menu-item-object-page menu-item-has-children menu-item-906 nav-item elementskit-dropdown-has relative_position elementskit-dropdown-menu-default_width elementskit-mobile-builder-content\" data-vertical-menu=750px><a href=\"https:\/\/cn-scar.es\/wordpress\/recursos\/\" class=\"ekit-menu-nav-link ekit-menu-dropdown-toggle\">Recursos<i aria-hidden=\"true\" class=\"icon icon-down-arrow1 elementskit-submenu-indicator\"><\/i><\/a>\n<ul class=\"elementskit-dropdown elementskit-submenu-panel\">\n\t<li id=\"menu-item-946\" class=\"menu-item menu-item-type-custom menu-item-object-custom menu-item-has-children menu-item-946 nav-item elementskit-dropdown-has relative_position elementskit-dropdown-menu-default_width elementskit-mobile-builder-content\" data-vertical-menu=750px><a href=\"https:\/\/cn-scar.es\/wordpress\/recursos\/#invest\" class=\" dropdown-item\">Investigaci\u00f3n<i aria-hidden=\"true\" class=\"icon icon-down-arrow1 elementskit-submenu-indicator\"><\/i><\/a>\n\t<ul class=\"elementskit-dropdown elementskit-submenu-panel\">\n\t\t<li id=\"menu-item-947\" class=\"menu-item menu-item-type-custom menu-item-object-custom menu-item-947 nav-item elementskit-mobile-builder-content\" data-vertical-menu=750px><a href=\"https:\/\/cn-scar.es\/wordpress\/recursos\/#informesanuales\" class=\" dropdown-item\">Informes anuales<\/a>\t\t<li id=\"menu-item-948\" class=\"menu-item menu-item-type-custom menu-item-object-custom menu-item-948 nav-item elementskit-mobile-builder-content\" data-vertical-menu=750px><a href=\"https:\/\/cn-scar.es\/wordpress\/recursos\/#otrosinf\" class=\" dropdown-item\">Otros informes<\/a>\t\t<li id=\"menu-item-949\" class=\"menu-item menu-item-type-custom menu-item-object-custom menu-item-949 nav-item elementskit-mobile-builder-content\" data-vertical-menu=750px><a href=\"https:\/\/cn-scar.es\/wordpress\/recursos\/#anopolar\" class=\" dropdown-item\">A\u00f1o Polar 2007-2008<\/a>\t\t<li id=\"menu-item-950\" class=\"menu-item menu-item-type-custom menu-item-object-custom menu-item-950 nav-item elementskit-mobile-builder-content\" data-vertical-menu=750px><a href=\"https:\/\/cn-scar.es\/wordpress\/recursos\/#publicaciones\" class=\" dropdown-item\">Publicaciones<\/a>\t<\/ul>\n\t<li id=\"menu-item-1260\" class=\"menu-item menu-item-type-post_type menu-item-object-page menu-item-1260 nav-item elementskit-mobile-builder-content\" data-vertical-menu=750px><a href=\"https:\/\/cn-scar.es\/wordpress\/educacion-y-divulgacion\/\" class=\" dropdown-item\">Educaci\u00f3n y Divulgaci\u00f3n<\/a>\t<li id=\"menu-item-1266\" class=\"menu-item menu-item-type-post_type menu-item-object-page menu-item-1266 nav-item elementskit-mobile-builder-content\" data-vertical-menu=750px><a href=\"https:\/\/cn-scar.es\/wordpress\/recursos-graficos\/\" class=\" dropdown-item\">Recursos gr\u00e1ficos<\/a>\t<li id=\"menu-item-1272\" class=\"menu-item menu-item-type-post_type menu-item-object-page menu-item-1272 nav-item elementskit-mobile-builder-content\" data-vertical-menu=750px><a href=\"https:\/\/cn-scar.es\/wordpress\/enlaces-de-interes\/\" class=\" dropdown-item\">Enlaces de inter\u00e9s<\/a><\/ul>\n<\/li>\n<li id=\"menu-item-1279\" class=\"menu-item menu-item-type-post_type menu-item-object-page menu-item-1279 nav-item elementskit-mobile-builder-content\" data-vertical-menu=750px><a href=\"https:\/\/cn-scar.es\/wordpress\/contacto\/\" class=\"ekit-menu-nav-link\">Contacto<\/a><\/li>\n<\/ul><div class=\"elementskit-nav-identity-panel\"><button class=\"elementskit-menu-close elementskit-menu-toggler\" type=\"button\">X<\/button><\/div><\/div>\t\t\t\n\t\t\t<div class=\"elementskit-menu-overlay elementskit-menu-offcanvas-elements elementskit-menu-toggler ekit-nav-menu--overlay\"><\/div>        <\/nav>\n\t\t\t\t\t\t<\/div>\n\t\t\t\t<\/div>\n\t\t\t\t<\/div>\n\t\t\t\t\t<\/div>\n\t\t\t\t<\/div>\n\t\t<div class=\"elementor-element elementor-element-44307241 e-flex e-con-boxed elementor-invisible e-con e-parent\" data-id=\"44307241\" data-element_type=\"container\" data-settings=\"{&quot;animation&quot;:&quot;fadeInLeft&quot;}\">\n\t\t\t\t\t<div class=\"e-con-inner\">\n\t\t\t\t<div class=\"elementor-element elementor-element-2758279c elementor-widget elementor-widget-heading\" data-id=\"2758279c\" data-element_type=\"widget\" data-widget_type=\"heading.default\">\n\t\t\t\t<div class=\"elementor-widget-container\">\n\t\t\t\t\t<h2 class=\"elementor-heading-title elementor-size-default\">Recursos gr\u00e1ficos<\/h2>\t\t\t\t<\/div>\n\t\t\t\t<\/div>\n\t\t\t\t\t<\/div>\n\t\t\t\t<\/div>\n\t\t<div class=\"elementor-element elementor-element-737cc6cd e-flex e-con-boxed e-con e-parent\" data-id=\"737cc6cd\" data-element_type=\"container\">\n\t\t\t\t\t<div class=\"e-con-inner\">\n\t\t\t\t<div class=\"elementor-element elementor-element-468f0a56 elementor-widget__width-initial elementor-widget elementor-widget-image\" data-id=\"468f0a56\" data-element_type=\"widget\" data-widget_type=\"image.default\">\n\t\t\t\t<div class=\"elementor-widget-container\">\n\t\t\t\t\t\t\t\t\t\t\t\t\t\t\t<img fetchpriority=\"high\" decoding=\"async\" width=\"768\" height=\"509\" src=\"https:\/\/cn-scar.es\/wordpress\/wp-content\/uploads\/2025\/11\/21-768x509.jpg\" class=\"attachment-medium_large size-medium_large wp-image-3039\" alt=\"\" srcset=\"https:\/\/cn-scar.es\/wordpress\/wp-content\/uploads\/2025\/11\/21-768x509.jpg 768w, https:\/\/cn-scar.es\/wordpress\/wp-content\/uploads\/2025\/11\/21-300x199.jpg 300w, https:\/\/cn-scar.es\/wordpress\/wp-content\/uploads\/2025\/11\/21-1024x678.jpg 1024w, https:\/\/cn-scar.es\/wordpress\/wp-content\/uploads\/2025\/11\/21-1536x1018.jpg 1536w, https:\/\/cn-scar.es\/wordpress\/wp-content\/uploads\/2025\/11\/21-2048x1357.jpg 2048w\" sizes=\"(max-width: 768px) 100vw, 768px\" \/>\t\t\t\t\t\t\t\t\t\t\t\t\t\t\t<\/div>\n\t\t\t\t<\/div>\n\t\t\t\t\t<\/div>\n\t\t\t\t<\/div>\n\t\t<div class=\"elementor-element elementor-element-60ac74a1 e-flex e-con-boxed e-con e-parent\" data-id=\"60ac74a1\" data-element_type=\"container\">\n\t\t\t\t\t<div class=\"e-con-inner\">\n\t\t<div class=\"elementor-element elementor-element-36b5e6a8 e-flex e-con-boxed e-con e-child\" data-id=\"36b5e6a8\" data-element_type=\"container\">\n\t\t\t\t\t<div class=\"e-con-inner\">\n\t\t\t\t<div class=\"elementor-element elementor-element-5772793e elementor-widget elementor-widget-text-editor\" data-id=\"5772793e\" data-element_type=\"widget\" data-widget_type=\"text-editor.default\">\n\t\t\t\t<div class=\"elementor-widget-container\">\n\t\t\t\t\t\t\t\t\t<ul><li><a href=\"https:\/\/scar.org\/news-resources\/resources\/logos\" target=\"_blank\" rel=\"noopener\">Logotipo del SCAR<\/a><\/li><li><a href=\"https:\/\/cn-scar.es\/pdf\/Poster_Spain_SCAR_2016_HR.pdf\" target=\"_blank\" rel=\"noopener\">P\u00f3ster sobre el Comit\u00e9 Espa\u00f1ol del SCAR (2016)<\/a>\u00a0<\/li><li><a href=\"https:\/\/cn-scar.es\/pdf\/cartel_SCAR_web_6-10-2010.pdf\" target=\"_blank\" rel=\"noopener\">P\u00f3ster sobre el Comit\u00e9 Espa\u00f1ol del SCAR (2010)<\/a><\/li><li><a href=\"https:\/\/cn-scar.es\/pdf\/Folleto_SCAR_20A_2008.pdf\" target=\"_blank\" rel=\"noopener\">Folleto sobre el Comit\u00e9 Espa\u00f1ol del SCAR (2008)<\/a><\/li><\/ul>\t\t\t\t\t\t\t\t<\/div>\n\t\t\t\t<\/div>\n\t\t\t\t\t<\/div>\n\t\t\t\t<\/div>\n\t\t\t\t\t<\/div>\n\t\t\t\t<\/div>\n\t\t<div class=\"elementor-element elementor-element-6cce8540 e-con-full e-flex e-con e-parent\" data-id=\"6cce8540\" data-element_type=\"container\">\n\t\t\t\t<div class=\"elementor-element elementor-element-44df3d4d elementor-widget-divider--view-line elementor-widget elementor-widget-divider\" data-id=\"44df3d4d\" data-element_type=\"widget\" data-widget_type=\"divider.default\">\n\t\t\t\t<div class=\"elementor-widget-container\">\n\t\t\t\t\t\t\t<div class=\"elementor-divider\">\n\t\t\t<span class=\"elementor-divider-separator\">\n\t\t\t\t\t\t<\/span>\n\t\t<\/div>\n\t\t\t\t\t\t<\/div>\n\t\t\t\t<\/div>\n\t\t\t\t<\/div>\n\t\t<div class=\"elementor-element elementor-element-6748a5b2 e-con-full e-flex e-con e-parent\" data-id=\"6748a5b2\" data-element_type=\"container\" data-settings=\"{&quot;background_background&quot;:&quot;classic&quot;}\">\n\t\t<div class=\"elementor-element elementor-element-112e3d3 e-flex e-con-boxed e-con e-child\" data-id=\"112e3d3\" data-element_type=\"container\" data-settings=\"{&quot;position&quot;:&quot;absolute&quot;,&quot;background_background&quot;:&quot;classic&quot;}\">\n\t\t\t\t\t<div class=\"e-con-inner\">\n\t\t\t\t<div class=\"elementor-element elementor-element-ecf14b4 elementor-widget__width-inherit elementor-absolute elementor-widget elementor-widget-image\" data-id=\"ecf14b4\" data-element_type=\"widget\" data-settings=\"{&quot;_position&quot;:&quot;absolute&quot;}\" data-widget_type=\"image.default\">\n\t\t\t\t<div class=\"elementor-widget-container\">\n\t\t\t\t\t\t\t\t\t\t\t\t\t\t\t<img decoding=\"async\" src=\"https:\/\/cn-scar.es\/wordpress\/wp-content\/uploads\/elementor\/thumbs\/Logo-blanco-r85xiysuhih0v36xhs84l29u3vktzs29cgi11jda88.png\" title=\"Logo blanco\" alt=\"Logo blanco\" loading=\"lazy\" \/>\t\t\t\t\t\t\t\t\t\t\t\t\t\t\t<\/div>\n\t\t\t\t<\/div>\n\t\t\t\t<div class=\"elementor-element elementor-element-3b59ccc elementor-widget__width-inherit elementor-absolute elementor-widget elementor-widget-heading\" data-id=\"3b59ccc\" data-element_type=\"widget\" data-settings=\"{&quot;_position&quot;:&quot;absolute&quot;}\" data-widget_type=\"heading.default\">\n\t\t\t\t<div class=\"elementor-widget-container\">\n\t\t\t\t\t<h2 class=\"elementor-heading-title elementor-size-default\"><a href=\"https:\/\/scar.org\/terms-conditions\">AVISO LEGAL\u00a0 \u00a0 \u00a0 \u00a0 \u00a0 \u00a0 \u00a0<\/a><\/h2>\t\t\t\t<\/div>\n\t\t\t\t<\/div>\n\t\t\t\t\t<\/div>\n\t\t\t\t<\/div>\n\t\t\t\t<\/div>\n\t\t\t\t<\/div>\n\t\t\n    <div class=\"xs_social_share_widget xs_share_url after_content \t\tmain_content  wslu-style-1 wslu-share-box-shaped wslu-fill-colored wslu-none wslu-share-horizontal wslu-theme-font-no wslu-main_content\">\n\n\t\t\n        <ul>\n\t\t\t        <\/ul>\n    <\/div> \n","protected":false},"excerpt":{"rendered":"<p>Home Presentaci\u00f3n Espa\u00f1a y el SCAR Funciones Composici\u00f3n Normas de funcionamiento Conexiones con otros \u00f3rganos Investigaci\u00f3n Investigaci\u00f3n espa\u00f1ola en la Ant\u00e1rtida Infraestucturas Datos Participaci\u00f3n espa\u00f1ola en el SCAR El SCAR Internacional Estrategia Cient\u00edfica del SCAR SCAR en el Sistema del Tratado Ant\u00e1rtico Noticias Noticias SCAR Newsletters Premios y Becas Conferencias y Simposios SCAR Events Recursos [&hellip;]<\/p>\n","protected":false},"author":1,"featured_media":0,"parent":0,"menu_order":0,"comment_status":"closed","ping_status":"closed","template":"elementor_canvas","meta":{"footnotes":""},"class_list":["post-1264","page","type-page","status-publish","hentry"],"_links":{"self":[{"href":"https:\/\/cn-scar.es\/wordpress\/wp-json\/wp\/v2\/pages\/1264","targetHints":{"allow":["GET"]}}],"collection":[{"href":"https:\/\/cn-scar.es\/wordpress\/wp-json\/wp\/v2\/pages"}],"about":[{"href":"https:\/\/cn-scar.es\/wordpress\/wp-json\/wp\/v2\/types\/page"}],"author":[{"embeddable":true,"href":"https:\/\/cn-scar.es\/wordpress\/wp-json\/wp\/v2\/users\/1"}],"replies":[{"embeddable":true,"href":"https:\/\/cn-scar.es\/wordpress\/wp-json\/wp\/v2\/comments?post=1264"}],"version-history":[{"count":31,"href":"https:\/\/cn-scar.es\/wordpress\/wp-json\/wp\/v2\/pages\/1264\/revisions"}],"predecessor-version":[{"id":3119,"href":"https:\/\/cn-scar.es\/wordpress\/wp-json\/wp\/v2\/pages\/1264\/revisions\/3119"}],"wp:attachment":[{"href":"https:\/\/cn-scar.es\/wordpress\/wp-json\/wp\/v2\/media?parent=1264"}],"curies":[{"name":"wp","href":"https:\/\/api.w.org\/{rel}","templated":true}]}}