{"id":1258,"date":"2025-07-26T12:00:59","date_gmt":"2025-07-26T10:00:59","guid":{"rendered":"https:\/\/cn-scar.es\/wordpress\/?page_id=1258"},"modified":"2025-11-27T13:03:50","modified_gmt":"2025-11-27T12:03:50","slug":"educacion-y-divulgacion","status":"publish","type":"page","link":"https:\/\/cn-scar.es\/wordpress\/educacion-y-divulgacion\/","title":{"rendered":"Educaci\u00f3n y Divulgaci\u00f3n"},"content":{"rendered":"\t\t<div data-elementor-type=\"wp-page\" data-elementor-id=\"1258\" class=\"elementor elementor-1258\">\n\t\t\t\t<div class=\"elementor-element elementor-element-6b9db69b e-flex e-con-boxed e-con e-parent\" data-id=\"6b9db69b\" data-element_type=\"container\">\n\t\t\t\t\t<div class=\"e-con-inner\">\n\t\t<div class=\"elementor-element elementor-element-3e65874 ops-section e-con-full e-flex e-con e-child\" data-id=\"3e65874\" data-element_type=\"container\" data-settings=\"{&quot;background_background&quot;:&quot;gradient&quot;,&quot;position&quot;:&quot;fixed&quot;,&quot;ekit_has_onepagescroll&quot;:&quot;section&quot;}\">\n\t\t\t\t<div class=\"elementor-element elementor-element-5dd0bc7 elementor-fixed elementor-hidden-mobile elementor-widget elementor-widget-image\" data-id=\"5dd0bc7\" data-element_type=\"widget\" data-settings=\"{&quot;_position&quot;:&quot;fixed&quot;}\" data-widget_type=\"image.default\">\n\t\t\t\t<div class=\"elementor-widget-container\">\n\t\t\t\t\t\t\t\t\t\t\t\t\t\t\t<img decoding=\"async\" src=\"https:\/\/cn-scar.es\/wordpress\/wp-content\/uploads\/elementor\/thumbs\/Logo-azul-con-sombra-r7vba9tgf34bt9d9a5cag0y4tyacyc27rchhcwhjbc.png\" title=\"Logo azul con sombra\" alt=\"Logo azul con sombra\" loading=\"lazy\" \/>\t\t\t\t\t\t\t\t\t\t\t\t\t\t\t<\/div>\n\t\t\t\t<\/div>\n\t\t\t\t<div class=\"elementor-element elementor-element-67b0b69 elementor-widget__width-inherit elementor-fixed elementor-widget elementor-widget-ekit-nav-menu\" data-id=\"67b0b69\" data-element_type=\"widget\" data-settings=\"{&quot;_position&quot;:&quot;fixed&quot;}\" data-widget_type=\"ekit-nav-menu.default\">\n\t\t\t\t<div class=\"elementor-widget-container\">\n\t\t\t\t\t\t\t<nav class=\"ekit-wid-con ekit_menu_responsive_tablet\" \n\t\t\tdata-hamburger-icon=\"\" \n\t\t\tdata-hamburger-icon-type=\"icon\" \n\t\t\tdata-responsive-breakpoint=\"1024\">\n\t\t\t            <button class=\"elementskit-menu-hamburger elementskit-menu-toggler\"  type=\"button\" aria-label=\"hamburger-icon\">\n                                    <span class=\"elementskit-menu-hamburger-icon\"><\/span><span class=\"elementskit-menu-hamburger-icon\"><\/span><span class=\"elementskit-menu-hamburger-icon\"><\/span>\n                            <\/button>\n            <div id=\"ekit-megamenu-menu-principal-nuevo\" class=\"elementskit-menu-container elementskit-menu-offcanvas-elements elementskit-navbar-nav-default ekit-nav-menu-one-page- ekit-nav-dropdown-hover\"><ul id=\"menu-menu-principal-nuevo\" class=\"elementskit-navbar-nav elementskit-menu-po-right submenu-click-on-icon\"><li id=\"menu-item-1882\" class=\"menu-item menu-item-type-post_type menu-item-object-page menu-item-home menu-item-1882 nav-item elementskit-mobile-builder-content\" data-vertical-menu=750px><a href=\"https:\/\/cn-scar.es\/wordpress\/\" class=\"ekit-menu-nav-link\">Home<\/a><\/li>\n<li id=\"menu-item-1358\" class=\"menu-item menu-item-type-post_type menu-item-object-page menu-item-has-children menu-item-1358 nav-item elementskit-dropdown-has relative_position elementskit-dropdown-menu-default_width elementskit-mobile-builder-content\" data-vertical-menu=750px><a href=\"https:\/\/cn-scar.es\/wordpress\/pagina-de-inicio-1\/\" class=\"ekit-menu-nav-link ekit-menu-dropdown-toggle\">Presentaci\u00f3n<i aria-hidden=\"true\" class=\"icon icon-down-arrow1 elementskit-submenu-indicator\"><\/i><\/a>\n<ul class=\"elementskit-dropdown elementskit-submenu-panel\">\n\t<li id=\"menu-item-417\" class=\"menu-item menu-item-type-post_type menu-item-object-page menu-item-417 nav-item elementskit-mobile-builder-content\" data-vertical-menu=750px><a href=\"https:\/\/cn-scar.es\/wordpress\/c\/\" class=\" dropdown-item\">Espa\u00f1a y el SCAR<\/a>\t<li id=\"menu-item-2172\" class=\"menu-item menu-item-type-custom menu-item-object-custom menu-item-2172 nav-item elementskit-mobile-builder-content\" data-vertical-menu=750px><a href=\"https:\/\/cn-scar.es\/wordpress\/c\/#funciones\" class=\" dropdown-item\">Funciones<\/a>\t<li id=\"menu-item-1057\" class=\"menu-item menu-item-type-custom menu-item-object-custom menu-item-1057 nav-item elementskit-mobile-builder-content\" data-vertical-menu=750px><a href=\"https:\/\/cn-scar.es\/wordpress\/c\/#composicion\" class=\" dropdown-item\">Composici\u00f3n<\/a>\t<li id=\"menu-item-2179\" class=\"menu-item menu-item-type-custom menu-item-object-custom menu-item-2179 nav-item elementskit-mobile-builder-content\" data-vertical-menu=750px><a href=\"https:\/\/cn-scar.es\/wordpress\/c\/#normas\" class=\" dropdown-item\">Normas de funcionamiento<\/a>\t<li id=\"menu-item-1058\" class=\"menu-item menu-item-type-custom menu-item-object-custom menu-item-1058 nav-item elementskit-mobile-builder-content\" data-vertical-menu=750px><a href=\"https:\/\/cn-scar.es\/wordpress\/c\/#conexiones\" class=\" dropdown-item\">Conexiones con otros \u00f3rganos<\/a><\/ul>\n<\/li>\n<li id=\"menu-item-569\" class=\"menu-item menu-item-type-post_type menu-item-object-page menu-item-has-children menu-item-569 nav-item elementskit-dropdown-has relative_position elementskit-dropdown-menu-default_width elementskit-mobile-builder-content\" data-vertical-menu=750px><a href=\"https:\/\/cn-scar.es\/wordpress\/elementor-567\/\" class=\"ekit-menu-nav-link ekit-menu-dropdown-toggle\">Investigaci\u00f3n<i aria-hidden=\"true\" class=\"icon icon-down-arrow1 elementskit-submenu-indicator\"><\/i><\/a>\n<ul class=\"elementskit-dropdown elementskit-submenu-panel\">\n\t<li id=\"menu-item-501\" class=\"menu-item menu-item-type-post_type menu-item-object-page menu-item-has-children menu-item-501 nav-item elementskit-dropdown-has relative_position elementskit-dropdown-menu-default_width elementskit-mobile-builder-content\" data-vertical-menu=750px><a href=\"https:\/\/cn-scar.es\/wordpress\/investigacion-espanola-en-la-antartida\/\" class=\" dropdown-item\">Investigaci\u00f3n espa\u00f1ola en la Ant\u00e1rtida<i aria-hidden=\"true\" class=\"icon icon-down-arrow1 elementskit-submenu-indicator\"><\/i><\/a>\n\t<ul class=\"elementskit-dropdown elementskit-submenu-panel\">\n\t\t<li id=\"menu-item-758\" class=\"menu-item menu-item-type-custom menu-item-object-custom menu-item-758 nav-item elementskit-mobile-builder-content\" data-vertical-menu=750px><a href=\"https:\/\/cn-scar.es\/wordpress\/investigacion-espanola-en-la-antartida\/#infraes\" class=\" dropdown-item\">Infraestucturas<\/a>\t\t<li id=\"menu-item-765\" class=\"menu-item menu-item-type-custom menu-item-object-custom menu-item-765 nav-item elementskit-mobile-builder-content\" data-vertical-menu=750px><a href=\"https:\/\/cn-scar.es\/wordpress\/investigacion-espanola-en-la-antartida\/#datos\" class=\" dropdown-item\">Datos<\/a>\t<\/ul>\n\t<li id=\"menu-item-777\" class=\"menu-item menu-item-type-post_type menu-item-object-page menu-item-777 nav-item elementskit-mobile-builder-content\" data-vertical-menu=750px><a href=\"https:\/\/cn-scar.es\/wordpress\/participacion-espanola-en-el-scar\/\" class=\" dropdown-item\">Participaci\u00f3n espa\u00f1ola en el SCAR<\/a>\t<li id=\"menu-item-794\" class=\"menu-item menu-item-type-custom menu-item-object-custom menu-item-794 nav-item elementskit-mobile-builder-content\" data-vertical-menu=750px><a href=\"https:\/\/cn-scar.es\/wordpress\/participacion-espanola-en-el-scar\/#investigaintern\" class=\" dropdown-item\">El SCAR Internacional<\/a>\t<li id=\"menu-item-796\" class=\"menu-item menu-item-type-custom menu-item-object-custom menu-item-796 nav-item elementskit-mobile-builder-content\" data-vertical-menu=750px><a href=\"https:\/\/cn-scar.es\/wordpress\/participacion-espanola-en-el-scar\/#estrategiacientifica\" class=\" dropdown-item\">Estrategia Cient\u00edfica del SCAR<\/a>\t<li id=\"menu-item-797\" class=\"menu-item menu-item-type-custom menu-item-object-custom menu-item-797 nav-item elementskit-mobile-builder-content\" data-vertical-menu=750px><a href=\"https:\/\/cn-scar.es\/wordpress\/participacion-espanola-en-el-scar\/#SCARtratado\" class=\" dropdown-item\">SCAR en el Sistema del Tratado Ant\u00e1rtico<\/a><\/ul>\n<\/li>\n<li id=\"menu-item-900\" class=\"menu-item menu-item-type-post_type menu-item-object-page menu-item-has-children menu-item-900 nav-item elementskit-dropdown-has relative_position elementskit-dropdown-menu-default_width elementskit-mobile-builder-content\" data-vertical-menu=750px><a href=\"https:\/\/cn-scar.es\/wordpress\/noticias\/\" class=\"ekit-menu-nav-link ekit-menu-dropdown-toggle\">Noticias<i aria-hidden=\"true\" class=\"icon icon-down-arrow1 elementskit-submenu-indicator\"><\/i><\/a>\n<ul class=\"elementskit-dropdown elementskit-submenu-panel\">\n\t<li id=\"menu-item-2599\" class=\"menu-item menu-item-type-post_type menu-item-object-page menu-item-2599 nav-item elementskit-mobile-builder-content\" data-vertical-menu=750px><a href=\"https:\/\/cn-scar.es\/wordpress\/noticias-actos-y-convocatorias-anteriores\/\" class=\" dropdown-item\">Noticias<\/a>\t<li id=\"menu-item-2612\" class=\"menu-item menu-item-type-post_type menu-item-object-page menu-item-2612 nav-item elementskit-mobile-builder-content\" data-vertical-menu=750px><a href=\"https:\/\/cn-scar.es\/wordpress\/scar_newsletters\/\" class=\" dropdown-item\">SCAR Newsletters<\/a>\t<li id=\"menu-item-2627\" class=\"menu-item menu-item-type-custom menu-item-object-custom menu-item-2627 nav-item elementskit-mobile-builder-content\" data-vertical-menu=750px><a href=\"https:\/\/cn-scar.es\/wordpress\/scar_newsletters\/#premiosybecas\" class=\" dropdown-item\">Premios y Becas<\/a>\t<li id=\"menu-item-2640\" class=\"menu-item menu-item-type-custom menu-item-object-custom menu-item-2640 nav-item elementskit-mobile-builder-content\" data-vertical-menu=750px><a href=\"https:\/\/cn-scar.es\/wordpress\/scar_newsletters\/#confysimp\" class=\" dropdown-item\">Conferencias y Simposios<\/a>\t<li id=\"menu-item-2327\" class=\"menu-item menu-item-type-custom menu-item-object-custom menu-item-2327 nav-item elementskit-mobile-builder-content\" data-vertical-menu=750px><a href=\"https:\/\/scar.org\/events\" class=\" dropdown-item\">SCAR Events<\/a><\/ul>\n<\/li>\n<li id=\"menu-item-906\" class=\"menu-item menu-item-type-post_type menu-item-object-page current-menu-ancestor current-menu-parent current_page_parent current_page_ancestor menu-item-has-children menu-item-906 nav-item elementskit-dropdown-has relative_position elementskit-dropdown-menu-default_width elementskit-mobile-builder-content\" data-vertical-menu=750px><a href=\"https:\/\/cn-scar.es\/wordpress\/recursos\/\" class=\"ekit-menu-nav-link ekit-menu-dropdown-toggle\">Recursos<i aria-hidden=\"true\" class=\"icon icon-down-arrow1 elementskit-submenu-indicator\"><\/i><\/a>\n<ul class=\"elementskit-dropdown elementskit-submenu-panel\">\n\t<li id=\"menu-item-946\" class=\"menu-item menu-item-type-custom menu-item-object-custom menu-item-has-children menu-item-946 nav-item elementskit-dropdown-has relative_position elementskit-dropdown-menu-default_width elementskit-mobile-builder-content\" data-vertical-menu=750px><a href=\"https:\/\/cn-scar.es\/wordpress\/recursos\/#invest\" class=\" dropdown-item\">Investigaci\u00f3n<i aria-hidden=\"true\" class=\"icon icon-down-arrow1 elementskit-submenu-indicator\"><\/i><\/a>\n\t<ul class=\"elementskit-dropdown elementskit-submenu-panel\">\n\t\t<li id=\"menu-item-947\" class=\"menu-item menu-item-type-custom menu-item-object-custom menu-item-947 nav-item elementskit-mobile-builder-content\" data-vertical-menu=750px><a href=\"https:\/\/cn-scar.es\/wordpress\/recursos\/#informesanuales\" class=\" dropdown-item\">Informes anuales<\/a>\t\t<li id=\"menu-item-948\" class=\"menu-item menu-item-type-custom menu-item-object-custom menu-item-948 nav-item elementskit-mobile-builder-content\" data-vertical-menu=750px><a href=\"https:\/\/cn-scar.es\/wordpress\/recursos\/#otrosinf\" class=\" dropdown-item\">Otros informes<\/a>\t\t<li id=\"menu-item-949\" class=\"menu-item menu-item-type-custom menu-item-object-custom menu-item-949 nav-item elementskit-mobile-builder-content\" data-vertical-menu=750px><a href=\"https:\/\/cn-scar.es\/wordpress\/recursos\/#anopolar\" class=\" dropdown-item\">A\u00f1o Polar 2007-2008<\/a>\t\t<li id=\"menu-item-950\" class=\"menu-item menu-item-type-custom menu-item-object-custom menu-item-950 nav-item elementskit-mobile-builder-content\" data-vertical-menu=750px><a href=\"https:\/\/cn-scar.es\/wordpress\/recursos\/#publicaciones\" class=\" dropdown-item\">Publicaciones<\/a>\t<\/ul>\n\t<li id=\"menu-item-1260\" class=\"menu-item menu-item-type-post_type menu-item-object-page current-menu-item page_item page-item-1258 current_page_item menu-item-1260 nav-item elementskit-mobile-builder-content active\" data-vertical-menu=750px><a href=\"https:\/\/cn-scar.es\/wordpress\/educacion-y-divulgacion\/\" class=\" dropdown-item active\">Educaci\u00f3n y Divulgaci\u00f3n<\/a>\t<li id=\"menu-item-1266\" class=\"menu-item menu-item-type-post_type menu-item-object-page menu-item-1266 nav-item elementskit-mobile-builder-content\" data-vertical-menu=750px><a href=\"https:\/\/cn-scar.es\/wordpress\/recursos-graficos\/\" class=\" dropdown-item\">Recursos gr\u00e1ficos<\/a>\t<li id=\"menu-item-1272\" class=\"menu-item menu-item-type-post_type menu-item-object-page menu-item-1272 nav-item elementskit-mobile-builder-content\" data-vertical-menu=750px><a href=\"https:\/\/cn-scar.es\/wordpress\/enlaces-de-interes\/\" class=\" dropdown-item\">Enlaces de inter\u00e9s<\/a><\/ul>\n<\/li>\n<li id=\"menu-item-1279\" class=\"menu-item menu-item-type-post_type menu-item-object-page menu-item-1279 nav-item elementskit-mobile-builder-content\" data-vertical-menu=750px><a href=\"https:\/\/cn-scar.es\/wordpress\/contacto\/\" class=\"ekit-menu-nav-link\">Contacto<\/a><\/li>\n<\/ul><div class=\"elementskit-nav-identity-panel\"><button class=\"elementskit-menu-close elementskit-menu-toggler\" type=\"button\">X<\/button><\/div><\/div>\t\t\t\n\t\t\t<div class=\"elementskit-menu-overlay elementskit-menu-offcanvas-elements elementskit-menu-toggler ekit-nav-menu--overlay\"><\/div>        <\/nav>\n\t\t\t\t\t\t<\/div>\n\t\t\t\t<\/div>\n\t\t\t\t<\/div>\n\t\t\t\t\t<\/div>\n\t\t\t\t<\/div>\n\t\t<div class=\"elementor-element elementor-element-1820c959 e-flex e-con-boxed elementor-invisible e-con e-parent\" data-id=\"1820c959\" data-element_type=\"container\" data-settings=\"{&quot;animation&quot;:&quot;fadeInLeft&quot;}\">\n\t\t\t\t\t<div class=\"e-con-inner\">\n\t\t\t\t<div class=\"elementor-element elementor-element-33605b41 elementor-widget elementor-widget-heading\" data-id=\"33605b41\" data-element_type=\"widget\" data-widget_type=\"heading.default\">\n\t\t\t\t<div class=\"elementor-widget-container\">\n\t\t\t\t\t<h2 class=\"elementor-heading-title elementor-size-default\">Educaci\u00f3n y Divulgaci\u00f3n<\/h2>\t\t\t\t<\/div>\n\t\t\t\t<\/div>\n\t\t\t\t\t<\/div>\n\t\t\t\t<\/div>\n\t\t<div class=\"elementor-element elementor-element-65ecac1e e-flex e-con-boxed e-con e-parent\" data-id=\"65ecac1e\" data-element_type=\"container\">\n\t\t\t\t\t<div class=\"e-con-inner\">\n\t\t\t\t<div class=\"elementor-element elementor-element-7768631 elementor-widget__width-initial elementor-widget elementor-widget-image\" data-id=\"7768631\" data-element_type=\"widget\" data-widget_type=\"image.default\">\n\t\t\t\t<div class=\"elementor-widget-container\">\n\t\t\t\t\t\t\t\t\t\t\t\t\t\t\t<img fetchpriority=\"high\" decoding=\"async\" width=\"768\" height=\"509\" src=\"https:\/\/cn-scar.es\/wordpress\/wp-content\/uploads\/2025\/11\/20-768x509.jpg\" class=\"attachment-medium_large size-medium_large wp-image-3035\" alt=\"\" srcset=\"https:\/\/cn-scar.es\/wordpress\/wp-content\/uploads\/2025\/11\/20-768x509.jpg 768w, https:\/\/cn-scar.es\/wordpress\/wp-content\/uploads\/2025\/11\/20-300x199.jpg 300w, https:\/\/cn-scar.es\/wordpress\/wp-content\/uploads\/2025\/11\/20-1024x678.jpg 1024w, https:\/\/cn-scar.es\/wordpress\/wp-content\/uploads\/2025\/11\/20-1536x1018.jpg 1536w, https:\/\/cn-scar.es\/wordpress\/wp-content\/uploads\/2025\/11\/20-2048x1357.jpg 2048w\" sizes=\"(max-width: 768px) 100vw, 768px\" \/>\t\t\t\t\t\t\t\t\t\t\t\t\t\t\t<\/div>\n\t\t\t\t<\/div>\n\t\t\t\t\t<\/div>\n\t\t\t\t<\/div>\n\t\t<div class=\"elementor-element elementor-element-3bad4954 e-flex e-con-boxed e-con e-parent\" data-id=\"3bad4954\" data-element_type=\"container\">\n\t\t\t\t\t<div class=\"e-con-inner\">\n\t\t<div class=\"elementor-element elementor-element-45db7538 e-flex e-con-boxed e-con e-child\" data-id=\"45db7538\" data-element_type=\"container\">\n\t\t\t\t\t<div class=\"e-con-inner\">\n\t\t\t\t<div class=\"elementor-element elementor-element-6a59c5a7 elementor-widget__width-initial elementor-widget elementor-widget-text-editor\" data-id=\"6a59c5a7\" data-element_type=\"widget\" data-widget_type=\"text-editor.default\">\n\t\t\t\t<div class=\"elementor-widget-container\">\n\t\t\t\t\t\t\t\t\t<p><strong>CURSOS<\/strong><\/p><ul><li><a href=\"https:\/\/polarcsic.es\/wp-content\/uploads\/2023\/07\/Curso_POLARCSIC_Jaca_2023_Programa_v2.docx.pdf\" target=\"_blank\" rel=\"noopener\">Global Change in Polar and High Mountains Zones (24-28 Julio 2023, Jaca)<\/a><\/li><li><a href=\"https:\/\/wapps001.uimp.es\/uxxiconsultas\/ficheros\/0\/52781programaFINALobservandolospolos.pdf\" target=\"_blank\" rel=\"noopener\">Curso UIMP \u201cObservando los Polos: Presente, Pasado y Futuro\u201d (4-8 Noviembre, 2019)<\/a><\/li><\/ul><p><strong>EXPOSICIONES, CONFERENCIAS Y OTRAS ACTIVIDADES<\/strong><\/p><ul><li><a href=\"https:\/\/polarcsic.es\/exposicion-una-mirada-polar\/\" target=\"_blank\" rel=\"noopener\">Exposici\u00f3n fotogr\u00e1fica: \u201cUna mirada polar\u201d<\/a><\/li><li><a href=\"https:\/\/www.catarata.org\/libro\/observando-los-polos_130697\/\" target=\"_blank\" rel=\"noopener\">Observando los polos<\/a><\/li><\/ul><p><strong>PUBLICACIONES Y P\u00d3STERES<\/strong><\/p><p>&#8211; <a href=\"https:\/\/cn-scar.es\/pdf\/Folleto_SCAR_20A_2008.pdf\" target=\"_blank\" rel=\"noopener\">Folleto del Comit\u00e9 Espa\u00f1ol del SCAR<\/a><\/p><p>&#8211; <a href=\"https:\/\/cn-scar.es\/pdf\/cartel_SCAR_web_6-10-2010.pdf\" target=\"_blank\" rel=\"noopener\">P\u00f3ster del Comit\u00e9 Espa\u00f1ol del SCAR<\/a><\/p><p>&#8211; <a href=\"https:\/\/cn-scar.es\/pdf\/Antartida_cubierta.pdf\" target=\"_blank\" rel=\"noopener\">Ciencia y aventura en los confines del mundo (2019)<\/a><\/p><p>&#8211; <a href=\"https:\/\/www.revistaecosistemas.net\/index.php\/ecosistemas\" target=\"_blank\" rel=\"noopener\">N\u00famero monogr\u00e1fico de la revista Ecosistemas dedicado a Ecolog\u00eda Ant\u00e1rtica:<\/a> <a href=\"https:\/\/www.revistaecosistemas.net\/index.php\/ecosistemas\" target=\"_blank\" rel=\"noopener\">ECOSISTEMAS 20(1), 2011<\/a><\/p><p>&#8211; <a href=\"https:\/\/cn-scar.es\/pdf\/AndaluciaInvestiga_IPY.pdf\" target=\"_blank\" rel=\"noopener\">Revista Andaluc\u00eda Investiga. Especial A\u00f1o Polar Internacional<\/a><\/p><p>&#8211; <a href=\"https:\/\/cn-scar.es\/pdf\/educacionANNOPOLAR.pdf\" target=\"_blank\" rel=\"noopener\">El A\u00f1o Polar Internacional 2007-2008. Una oportunidad educativa. Por Jer\u00f3nimo L\u00f3pez<\/a><\/p><p>&#8211; <a href=\"http:\/\/marenostrum.org\/ecologia\/oceanografia\/cuadernos\/index.htm\" target=\"_blank\" rel=\"noopener\">Bi\u00f3logos espa\u00f1oles en el mar de Bellingshausen. Por Manuel Ballesteros<\/a><\/p><p>&#8211; <a href=\"https:\/\/cn-scar.es\/pdf\/NAT24.pdf\" target=\"_blank\" rel=\"noopener\">El secret dels pols. Por Maria Josep Pic\u00f3<\/a><\/p><p>&#8211; <a href=\"https:\/\/cn-scar.es\/pdf\/Articulo_IPY_espanoles_National%20Geographic_Mayo2009.pdf\" target=\"_blank\" rel=\"noopener\">Participaci\u00f3n espa\u00f1ola en el A\u00f1o Polar Internacional. Art\u00edculo en National Geographic<\/a><\/p>\t\t\t\t\t\t\t\t<\/div>\n\t\t\t\t<\/div>\n\t\t\t\t\t<\/div>\n\t\t\t\t<\/div>\n\t\t\t\t\t<\/div>\n\t\t\t\t<\/div>\n\t\t<div class=\"elementor-element elementor-element-44d2d7ca e-con-full e-flex e-con e-parent\" data-id=\"44d2d7ca\" data-element_type=\"container\">\n\t\t\t\t<div class=\"elementor-element elementor-element-13efc13e elementor-widget-divider--view-line elementor-widget elementor-widget-divider\" data-id=\"13efc13e\" data-element_type=\"widget\" data-widget_type=\"divider.default\">\n\t\t\t\t<div class=\"elementor-widget-container\">\n\t\t\t\t\t\t\t<div class=\"elementor-divider\">\n\t\t\t<span class=\"elementor-divider-separator\">\n\t\t\t\t\t\t<\/span>\n\t\t<\/div>\n\t\t\t\t\t\t<\/div>\n\t\t\t\t<\/div>\n\t\t\t\t<\/div>\n\t\t<div class=\"elementor-element elementor-element-5f41b7fc e-con-full e-flex e-con e-parent\" data-id=\"5f41b7fc\" data-element_type=\"container\" data-settings=\"{&quot;background_background&quot;:&quot;classic&quot;}\">\n\t\t<div class=\"elementor-element elementor-element-ce2e234 e-flex e-con-boxed e-con e-child\" data-id=\"ce2e234\" data-element_type=\"container\" data-settings=\"{&quot;position&quot;:&quot;absolute&quot;,&quot;background_background&quot;:&quot;classic&quot;}\">\n\t\t\t\t\t<div class=\"e-con-inner\">\n\t\t\t\t<div class=\"elementor-element elementor-element-062cfd8 elementor-widget__width-inherit elementor-absolute elementor-widget elementor-widget-image\" data-id=\"062cfd8\" data-element_type=\"widget\" data-settings=\"{&quot;_position&quot;:&quot;absolute&quot;}\" data-widget_type=\"image.default\">\n\t\t\t\t<div class=\"elementor-widget-container\">\n\t\t\t\t\t\t\t\t\t\t\t\t\t\t\t<img decoding=\"async\" src=\"https:\/\/cn-scar.es\/wordpress\/wp-content\/uploads\/elementor\/thumbs\/Logo-blanco-r85xiysuhih0v36xhs84l29u3vktzs29cgi11jda88.png\" title=\"Logo blanco\" alt=\"Logo blanco\" loading=\"lazy\" \/>\t\t\t\t\t\t\t\t\t\t\t\t\t\t\t<\/div>\n\t\t\t\t<\/div>\n\t\t\t\t<div class=\"elementor-element elementor-element-756a466 elementor-widget__width-inherit elementor-absolute elementor-widget elementor-widget-heading\" data-id=\"756a466\" data-element_type=\"widget\" data-settings=\"{&quot;_position&quot;:&quot;absolute&quot;}\" data-widget_type=\"heading.default\">\n\t\t\t\t<div class=\"elementor-widget-container\">\n\t\t\t\t\t<h2 class=\"elementor-heading-title elementor-size-default\"><a href=\"https:\/\/scar.org\/terms-conditions\">AVISO LEGAL\u00a0 \u00a0 \u00a0 \u00a0 \u00a0 \u00a0 \u00a0<\/a><\/h2>\t\t\t\t<\/div>\n\t\t\t\t<\/div>\n\t\t\t\t\t<\/div>\n\t\t\t\t<\/div>\n\t\t\t\t<\/div>\n\t\t\t\t<\/div>\n\t\t\n    <div class=\"xs_social_share_widget xs_share_url after_content \t\tmain_content  wslu-style-1 wslu-share-box-shaped wslu-fill-colored wslu-none wslu-share-horizontal wslu-theme-font-no wslu-main_content\">\n\n\t\t\n        <ul>\n\t\t\t        <\/ul>\n    <\/div> \n","protected":false},"excerpt":{"rendered":"<p>Home Presentaci\u00f3n Espa\u00f1a y el SCAR Funciones Composici\u00f3n Normas de funcionamiento Conexiones con otros \u00f3rganos Investigaci\u00f3n Investigaci\u00f3n espa\u00f1ola en la Ant\u00e1rtida Infraestucturas Datos Participaci\u00f3n espa\u00f1ola en el SCAR El SCAR Internacional Estrategia Cient\u00edfica del SCAR SCAR en el Sistema del Tratado Ant\u00e1rtico Noticias Noticias SCAR Newsletters Premios y Becas Conferencias y Simposios SCAR Events Recursos [&hellip;]<\/p>\n","protected":false},"author":1,"featured_media":0,"parent":0,"menu_order":0,"comment_status":"closed","ping_status":"closed","template":"elementor_canvas","meta":{"footnotes":""},"class_list":["post-1258","page","type-page","status-publish","hentry"],"_links":{"self":[{"href":"https:\/\/cn-scar.es\/wordpress\/wp-json\/wp\/v2\/pages\/1258","targetHints":{"allow":["GET"]}}],"collection":[{"href":"https:\/\/cn-scar.es\/wordpress\/wp-json\/wp\/v2\/pages"}],"about":[{"href":"https:\/\/cn-scar.es\/wordpress\/wp-json\/wp\/v2\/types\/page"}],"author":[{"embeddable":true,"href":"https:\/\/cn-scar.es\/wordpress\/wp-json\/wp\/v2\/users\/1"}],"replies":[{"embeddable":true,"href":"https:\/\/cn-scar.es\/wordpress\/wp-json\/wp\/v2\/comments?post=1258"}],"version-history":[{"count":40,"href":"https:\/\/cn-scar.es\/wordpress\/wp-json\/wp\/v2\/pages\/1258\/revisions"}],"predecessor-version":[{"id":3115,"href":"https:\/\/cn-scar.es\/wordpress\/wp-json\/wp\/v2\/pages\/1258\/revisions\/3115"}],"wp:attachment":[{"href":"https:\/\/cn-scar.es\/wordpress\/wp-json\/wp\/v2\/media?parent=1258"}],"curies":[{"name":"wp","href":"https:\/\/api.w.org\/{rel}","templated":true}]}}